{"id":3889,"date":"2015-12-23T13:28:44","date_gmt":"2015-12-23T12:28:44","guid":{"rendered":"http:\/\/www.youthemploymentdecade.org\/?page_id=3889"},"modified":"2018-02-07T16:48:32","modified_gmt":"2018-02-07T15:48:32","slug":"comite-regional-america-latina-y-el-caribe","status":"publish","type":"page","link":"http:\/\/www.youthemploymentdecade.org\/en\/action\/comite-regional-america-latina-y-el-caribe\/","title":{"rendered":"Latin American and Caribbean Regional Committe"},"content":{"rendered":"<p><\/p>\n<h3 style=\"text-align: justify;\"><span style=\"color: #3366ff;\"><strong>Regional Committee for Latin America and the Caribbean<\/strong><\/span><\/h3>\n<p style=\"text-align: justify;\">Regional Committees are groups of civil society entities committed to the Campaign that volunteer to promote and disseminate its objectives, adapting the campaign to their respective regions.<\/p>\n<p style=\"text-align: justify;\">The Committee for Latin America and the Caribbean was established in October 2016. &nbsp;Horacio Llovet and Javier Krawicki, founding partners of Tu Primera Pega, are the coordinators. Their entity is an organisation based in Chile and Argentina, whose purpose is to help young people to find their first job.<\/p>\n<p style=\"text-align: justify;\">The decision to entrust them with the Regional Committee is based on their tenacity and consistency disseminating the project and their capacity to mobilise young people wherever Tu Primera Pega exists.<\/p>\n<h3 style=\"text-align: justify;\"><span style=\"color: #3366ff;\"><strong>Strategic activities<\/strong><\/span><\/h3>\n<p style=\"text-align: justify;\">The Regional Committee for Latin America and the Caribbean will be working on three main aspects:<\/p>\n<p style=\"text-align: justify;\"><strong><img data-recalc-dims=\"1\" loading=\"lazy\" decoding=\"async\" class=\"size-medium wp-image-4959 alignleft\" src=\"https:\/\/i0.wp.com\/www.youthemploymentdecade.org\/wp-content\/uploads\/2015\/12\/IMG_4117.jpg?resize=300%2C225\" alt=\"Comit\u00e9-Regional-Am\u00e9rica-Latina-y-Caribe\" width=\"300\" height=\"225\" srcset=\"https:\/\/i0.wp.com\/www.youthemploymentdecade.org\/wp-content\/uploads\/2015\/12\/IMG_4117.jpg?resize=300%2C225 300w, https:\/\/i0.wp.com\/www.youthemploymentdecade.org\/wp-content\/uploads\/2015\/12\/IMG_4117.jpg?resize=768%2C576 768w, https:\/\/i0.wp.com\/www.youthemploymentdecade.org\/wp-content\/uploads\/2015\/12\/IMG_4117.jpg?resize=1024%2C768 1024w, https:\/\/i0.wp.com\/www.youthemploymentdecade.org\/wp-content\/uploads\/2015\/12\/IMG_4117.jpg?w=1280 1280w\" sizes=\"auto, (max-width: 300px) 100vw, 300px\" \/>Communication and awareness: <\/strong>Raising awareness about the project is essential. It will promote and organise events in society, manage the media, and announce the Campaign\u2019s activities and achievements with a view to communicating and raising awareness regarding the fields of activity mentioned.<\/p>\n<p style=\"text-align: justify;\"><strong>Knowledge creation:<\/strong> Achieve a better understanding of local, regional, and national situations regarding youth employment through intensive research work based on reports, universities, think-tanks, and organisations dedicated to employment and youth issues.<\/p>\n<p style=\"text-align: justify;\"><strong>Institutional relations:<\/strong>&nbsp;Establish the necessary institutional contacts and design actions to seek and consolidate social and political support to undertake all Campaign activities: civil organisations, governments, political parties, trade unions, academic institutions, businesses, and international agencies.<\/p>\n<p><a href=\"https:\/\/i0.wp.com\/www.youthemploymentdecade.org\/wp-content\/uploads\/2015\/09\/pegasus-latin-committee.png\" rel=\"attachment wp-att-3809\"><img data-recalc-dims=\"1\" loading=\"lazy\" decoding=\"async\" class=\"aligncenter size-full wp-image-3809\" src=\"https:\/\/i0.wp.com\/www.youthemploymentdecade.org\/wp-content\/uploads\/2015\/09\/pegasus-latin-committee.png?resize=1140%2C255\" alt=\"pegasus latin committee\" width=\"1140\" height=\"255\" srcset=\"https:\/\/i0.wp.com\/www.youthemploymentdecade.org\/wp-content\/uploads\/2015\/09\/pegasus-latin-committee.png?w=1778 1778w, https:\/\/i0.wp.com\/www.youthemploymentdecade.org\/wp-content\/uploads\/2015\/09\/pegasus-latin-committee.png?resize=300%2C67 300w, https:\/\/i0.wp.com\/www.youthemploymentdecade.org\/wp-content\/uploads\/2015\/09\/pegasus-latin-committee.png?resize=1024%2C229 1024w\" sizes=\"auto, (max-width: 1140px) 100vw, 1140px\" \/><br \/>\n<\/a><\/p>\n<p><iframe loading=\"lazy\" src=\"http:\/\/www.noviasalcedo.es\/jovenes\/inscripciones\/adhesiondecada\/resultados-en-latin.asp\" marginwidth=\"0\" marginheight=\"0\" width=\"760\" height=\"700\" frameborder=\"0\">Cargando&#8230;<\/iframe><\/p>","protected":false},"excerpt":{"rendered":"<p>Regional Committee for Latin America and the Caribbean Regional Committees are groups of civil society entities committed to the Campaign that volunteer to promote and &#8230;<\/p>\n","protected":false},"author":8,"featured_media":0,"parent":3532,"menu_order":0,"comment_status":"closed","ping_status":"closed","template":"","meta":{"ngg_post_thumbnail":0,"footnotes":""},"class_list":["post-3889","page","type-page","status-publish","hentry"],"yoast_head":"<!-- This site is optimized with the Yoast SEO plugin v27.6 - https:\/\/yoast.com\/product\/yoast-seo-wordpress\/ -->\n<title>Comit\u00e9 Regional Am\u00e9rica Latina y el Caribe<\/title>\n<meta name=\"description\" content=\"Los Comit\u00e9s Regionales son unas entidades de la sociedad civil adheridas a la Campa\u00f1a. El de Am\u00e9rica Latina y el Caribe se constituy\u00f3 en octubre de 2016\" \/>\n<meta name=\"robots\" content=\"index, follow, max-snippet:-1, max-image-preview:large, max-video-preview:-1\" \/>\n<link rel=\"canonical\" href=\"http:\/\/www.youthemploymentdecade.org\/es\/action\/comite-regional-america-latina-y-el-caribe\/\" \/>\n<meta property=\"og:locale\" content=\"en_US\" \/>\n<meta property=\"og:type\" content=\"article\" \/>\n<meta property=\"og:title\" content=\"Comit\u00e9 Regional Am\u00e9rica Latina y el Caribe\" \/>\n<meta property=\"og:description\" content=\"Los Comit\u00e9s Regionales son unas entidades de la sociedad civil adheridas a la Campa\u00f1a. El de Am\u00e9rica Latina y el Caribe se constituy\u00f3 en octubre de 2016\" \/>\n<meta property=\"og:url\" content=\"http:\/\/www.youthemploymentdecade.org\/es\/action\/comite-regional-america-latina-y-el-caribe\/\" \/>\n<meta property=\"og:site_name\" content=\"Youth Employment Decade\" \/>\n<meta property=\"article:modified_time\" content=\"2018-02-07T15:48:32+00:00\" \/>\n<meta property=\"og:image\" content=\"http:\/\/www.youthemploymentdecade.org\/wp-content\/uploads\/2015\/12\/IMG_4117-300x225.jpg\" \/>\n<meta name=\"twitter:label1\" content=\"Est. reading time\" \/>\n\t<meta name=\"twitter:data1\" content=\"3 minutes\" \/>\n<script type=\"application\/ld+json\" class=\"yoast-schema-graph\">{\"@context\":\"https:\\\/\\\/schema.org\",\"@graph\":[{\"@type\":\"WebPage\",\"@id\":\"http:\\\/\\\/www.youthemploymentdecade.org\\\/es\\\/action\\\/comite-regional-america-latina-y-el-caribe\\\/\",\"url\":\"http:\\\/\\\/www.youthemploymentdecade.org\\\/es\\\/action\\\/comite-regional-america-latina-y-el-caribe\\\/\",\"name\":\"Comit\u00e9 Regional Am\u00e9rica Latina y el Caribe\",\"isPartOf\":{\"@id\":\"http:\\\/\\\/www.youthemploymentdecade.org\\\/en\\\/#website\"},\"primaryImageOfPage\":{\"@id\":\"http:\\\/\\\/www.youthemploymentdecade.org\\\/es\\\/action\\\/comite-regional-america-latina-y-el-caribe\\\/#primaryimage\"},\"image\":{\"@id\":\"http:\\\/\\\/www.youthemploymentdecade.org\\\/es\\\/action\\\/comite-regional-america-latina-y-el-caribe\\\/#primaryimage\"},\"thumbnailUrl\":\"http:\\\/\\\/www.youthemploymentdecade.org\\\/wp-content\\\/uploads\\\/2015\\\/12\\\/IMG_4117-300x225.jpg\",\"datePublished\":\"2015-12-23T12:28:44+00:00\",\"dateModified\":\"2018-02-07T15:48:32+00:00\",\"description\":\"Los Comit\u00e9s Regionales son unas entidades de la sociedad civil adheridas a la Campa\u00f1a. El de Am\u00e9rica Latina y el Caribe se constituy\u00f3 en octubre de 2016\",\"breadcrumb\":{\"@id\":\"http:\\\/\\\/www.youthemploymentdecade.org\\\/es\\\/action\\\/comite-regional-america-latina-y-el-caribe\\\/#breadcrumb\"},\"inLanguage\":\"en-US\",\"potentialAction\":[{\"@type\":\"ReadAction\",\"target\":[\"http:\\\/\\\/www.youthemploymentdecade.org\\\/es\\\/action\\\/comite-regional-america-latina-y-el-caribe\\\/\"]}]},{\"@type\":\"ImageObject\",\"inLanguage\":\"en-US\",\"@id\":\"http:\\\/\\\/www.youthemploymentdecade.org\\\/es\\\/action\\\/comite-regional-america-latina-y-el-caribe\\\/#primaryimage\",\"url\":\"http:\\\/\\\/www.youthemploymentdecade.org\\\/wp-content\\\/uploads\\\/2015\\\/12\\\/IMG_4117-300x225.jpg\",\"contentUrl\":\"http:\\\/\\\/www.youthemploymentdecade.org\\\/wp-content\\\/uploads\\\/2015\\\/12\\\/IMG_4117-300x225.jpg\"},{\"@type\":\"BreadcrumbList\",\"@id\":\"http:\\\/\\\/www.youthemploymentdecade.org\\\/es\\\/action\\\/comite-regional-america-latina-y-el-caribe\\\/#breadcrumb\",\"itemListElement\":[{\"@type\":\"ListItem\",\"position\":1,\"name\":\"Portada\",\"item\":\"http:\\\/\\\/www.youthemploymentdecade.org\\\/en\\\/\"},{\"@type\":\"ListItem\",\"position\":2,\"name\":\"Acci\u00f3n\",\"item\":\"http:\\\/\\\/www.youthemploymentdecade.org\\\/es\\\/action\\\/\"},{\"@type\":\"ListItem\",\"position\":3,\"name\":\"Comit\u00e9 Regional Am\u00e9rica Latina y el Caribe\"}]},{\"@type\":\"WebSite\",\"@id\":\"http:\\\/\\\/www.youthemploymentdecade.org\\\/en\\\/#website\",\"url\":\"http:\\\/\\\/www.youthemploymentdecade.org\\\/en\\\/\",\"name\":\"Youth Employment Decade\",\"description\":\"\",\"potentialAction\":[{\"@type\":\"SearchAction\",\"target\":{\"@type\":\"EntryPoint\",\"urlTemplate\":\"http:\\\/\\\/www.youthemploymentdecade.org\\\/en\\\/?s={search_term_string}\"},\"query-input\":{\"@type\":\"PropertyValueSpecification\",\"valueRequired\":true,\"valueName\":\"search_term_string\"}}],\"inLanguage\":\"en-US\"}]}<\/script>\n<!-- \/ Yoast SEO plugin. -->","yoast_head_json":{"title":"Comit\u00e9 Regional Am\u00e9rica Latina y el Caribe","description":"Los Comit\u00e9s Regionales son unas entidades de la sociedad civil adheridas a la Campa\u00f1a. El de Am\u00e9rica Latina y el Caribe se constituy\u00f3 en octubre de 2016","robots":{"index":"index","follow":"follow","max-snippet":"max-snippet:-1","max-image-preview":"max-image-preview:large","max-video-preview":"max-video-preview:-1"},"canonical":"http:\/\/www.youthemploymentdecade.org\/es\/action\/comite-regional-america-latina-y-el-caribe\/","og_locale":"en_US","og_type":"article","og_title":"Comit\u00e9 Regional Am\u00e9rica Latina y el Caribe","og_description":"Los Comit\u00e9s Regionales son unas entidades de la sociedad civil adheridas a la Campa\u00f1a. El de Am\u00e9rica Latina y el Caribe se constituy\u00f3 en octubre de 2016","og_url":"http:\/\/www.youthemploymentdecade.org\/es\/action\/comite-regional-america-latina-y-el-caribe\/","og_site_name":"Youth Employment Decade","article_modified_time":"2018-02-07T15:48:32+00:00","og_image":[{"url":"http:\/\/www.youthemploymentdecade.org\/wp-content\/uploads\/2015\/12\/IMG_4117-300x225.jpg","type":"","width":"","height":""}],"twitter_misc":{"Est. reading time":"3 minutes"},"schema":{"@context":"https:\/\/schema.org","@graph":[{"@type":"WebPage","@id":"http:\/\/www.youthemploymentdecade.org\/es\/action\/comite-regional-america-latina-y-el-caribe\/","url":"http:\/\/www.youthemploymentdecade.org\/es\/action\/comite-regional-america-latina-y-el-caribe\/","name":"Comit\u00e9 Regional Am\u00e9rica Latina y el Caribe","isPartOf":{"@id":"http:\/\/www.youthemploymentdecade.org\/en\/#website"},"primaryImageOfPage":{"@id":"http:\/\/www.youthemploymentdecade.org\/es\/action\/comite-regional-america-latina-y-el-caribe\/#primaryimage"},"image":{"@id":"http:\/\/www.youthemploymentdecade.org\/es\/action\/comite-regional-america-latina-y-el-caribe\/#primaryimage"},"thumbnailUrl":"http:\/\/www.youthemploymentdecade.org\/wp-content\/uploads\/2015\/12\/IMG_4117-300x225.jpg","datePublished":"2015-12-23T12:28:44+00:00","dateModified":"2018-02-07T15:48:32+00:00","description":"Los Comit\u00e9s Regionales son unas entidades de la sociedad civil adheridas a la Campa\u00f1a. El de Am\u00e9rica Latina y el Caribe se constituy\u00f3 en octubre de 2016","breadcrumb":{"@id":"http:\/\/www.youthemploymentdecade.org\/es\/action\/comite-regional-america-latina-y-el-caribe\/#breadcrumb"},"inLanguage":"en-US","potentialAction":[{"@type":"ReadAction","target":["http:\/\/www.youthemploymentdecade.org\/es\/action\/comite-regional-america-latina-y-el-caribe\/"]}]},{"@type":"ImageObject","inLanguage":"en-US","@id":"http:\/\/www.youthemploymentdecade.org\/es\/action\/comite-regional-america-latina-y-el-caribe\/#primaryimage","url":"http:\/\/www.youthemploymentdecade.org\/wp-content\/uploads\/2015\/12\/IMG_4117-300x225.jpg","contentUrl":"http:\/\/www.youthemploymentdecade.org\/wp-content\/uploads\/2015\/12\/IMG_4117-300x225.jpg"},{"@type":"BreadcrumbList","@id":"http:\/\/www.youthemploymentdecade.org\/es\/action\/comite-regional-america-latina-y-el-caribe\/#breadcrumb","itemListElement":[{"@type":"ListItem","position":1,"name":"Portada","item":"http:\/\/www.youthemploymentdecade.org\/en\/"},{"@type":"ListItem","position":2,"name":"Acci\u00f3n","item":"http:\/\/www.youthemploymentdecade.org\/es\/action\/"},{"@type":"ListItem","position":3,"name":"Comit\u00e9 Regional Am\u00e9rica Latina y el Caribe"}]},{"@type":"WebSite","@id":"http:\/\/www.youthemploymentdecade.org\/en\/#website","url":"http:\/\/www.youthemploymentdecade.org\/en\/","name":"Youth Employment Decade","description":"","potentialAction":[{"@type":"SearchAction","target":{"@type":"EntryPoint","urlTemplate":"http:\/\/www.youthemploymentdecade.org\/en\/?s={search_term_string}"},"query-input":{"@type":"PropertyValueSpecification","valueRequired":true,"valueName":"search_term_string"}}],"inLanguage":"en-US"}]}},"jetpack_sharing_enabled":true,"_links":{"self":[{"href":"http:\/\/www.youthemploymentdecade.org\/en\/wp-json\/wp\/v2\/pages\/3889","targetHints":{"allow":["GET"]}}],"collection":[{"href":"http:\/\/www.youthemploymentdecade.org\/en\/wp-json\/wp\/v2\/pages"}],"about":[{"href":"http:\/\/www.youthemploymentdecade.org\/en\/wp-json\/wp\/v2\/types\/page"}],"author":[{"embeddable":true,"href":"http:\/\/www.youthemploymentdecade.org\/en\/wp-json\/wp\/v2\/users\/8"}],"replies":[{"embeddable":true,"href":"http:\/\/www.youthemploymentdecade.org\/en\/wp-json\/wp\/v2\/comments?post=3889"}],"version-history":[{"count":8,"href":"http:\/\/www.youthemploymentdecade.org\/en\/wp-json\/wp\/v2\/pages\/3889\/revisions"}],"predecessor-version":[{"id":5976,"href":"http:\/\/www.youthemploymentdecade.org\/en\/wp-json\/wp\/v2\/pages\/3889\/revisions\/5976"}],"up":[{"embeddable":true,"href":"http:\/\/www.youthemploymentdecade.org\/en\/wp-json\/wp\/v2\/pages\/3532"}],"wp:attachment":[{"href":"http:\/\/www.youthemploymentdecade.org\/en\/wp-json\/wp\/v2\/media?parent=3889"}],"curies":[{"name":"wp","href":"https:\/\/api.w.org\/{rel}","templated":true}]}}