{"id":5541,"date":"2017-09-05T12:05:23","date_gmt":"2017-09-05T10:05:23","guid":{"rendered":"http:\/\/www.youthemploymentdecade.org\/?page_id=5541"},"modified":"2017-11-15T12:36:32","modified_gmt":"2017-11-15T11:36:32","slug":"byef","status":"publish","type":"page","link":"http:\/\/www.youthemploymentdecade.org\/en\/pensamiento\/byef\/","title":{"rendered":"Byef"},"content":{"rendered":"<p><strong><span style=\"color: #1650a8;\">Bilbao Youth Employment Forum 2017 &#8211; &nbsp;<\/span><span style=\"color: #1650a8;\">21st of November .<\/span> <\/strong>&nbsp;<\/p>\n<p><strong>\u201c<b>Creating shared knowledge on future employability: partnerships and allies \u201d<\/b><br \/>\n<\/strong>At Bizkaia Aretoa, Bilbao.<br \/>\n<a href=\"http:\/\/www.noviasalcedo.es\/wp-content\/uploads\/2016\/09\/IV-BYEF.-Programa-Provisional-WEB.pdf\">Last programme version here&nbsp;<\/a><\/p>\n<p><img data-recalc-dims=\"1\" loading=\"lazy\" decoding=\"async\" width=\"842\" height=\"595\" class=\"wp-image-5674 size-full\" alt=\"byef\" src=\"https:\/\/i0.wp.com\/www.youthemploymentdecade.org\/wp-content\/uploads\/2017\/09\/byef17web.png?resize=842%2C595\" srcset=\"https:\/\/i0.wp.com\/www.youthemploymentdecade.org\/wp-content\/uploads\/2017\/09\/byef17web.png?w=842 842w, https:\/\/i0.wp.com\/www.youthemploymentdecade.org\/wp-content\/uploads\/2017\/09\/byef17web.png?resize=300%2C212 300w, https:\/\/i0.wp.com\/www.youthemploymentdecade.org\/wp-content\/uploads\/2017\/09\/byef17web.png?resize=768%2C543 768w\" sizes=\"auto, (max-width: 842px) 100vw, 842px\" \/><\/p>\n<p><strong><img data-recalc-dims=\"1\" loading=\"lazy\" decoding=\"async\" width=\"179\" height=\"69\" class=\"wp-image-5854 alignright\" alt=\"\" src=\"https:\/\/i0.wp.com\/www.noviasalcedo.es\/wp-content\/uploads\/2016\/09\/accionLocalAgenda2030-300x106.png?resize=179%2C69\">PURPOSE<\/strong><\/p>\n<p>The goal of this fourth edition is to progress further in generating shared knowledge on future employability through the presentation of the model the NSF is working on and the best practices suggested by other top-level partners and allies. Our allies\u2019 knowledge and partnerships are key for the future. We seek to attract the main representatives of international agencies and the best practices we can identify in relation to this great challenge for the future. As pointed out by the UN, youth employment and women are two key economic accelerators that will play a major role in deploying the 2030 Agenda goals. We shall also give priority to the participation of young people, and listening to their opinions will be a key element. In addition to the Forum, there will be a \u201cside-event\u201d in which young people will be working on the main aspects that concern them regarding future employment issues. They will submit their proposals and these will be added to the closing session of the BYEF<strong>.<\/strong><\/p>\n<p><strong>METHODOLOGY<br \/>\n<\/strong><\/p>\n<p><span lang=\"EN-GB\">The Forum will be a 1 day event.&nbsp; The methodology used during the Forum will be, on the one hand, empirical; presenting the results of the research the NSF is carrying out on an employability model. On the other hand, it will also consist of evidence-based research, to help us identify what has been successful in various socio-economic contexts and why. <\/span><span lang=\"EN-GB\">It will be a participatory event that integrates various aspects, from policies and programmes, to best practices and young people\u2019s views.<\/span><\/p>\n<p>Puede inscribirse rellenando el <a href=\"https:\/\/goo.gl\/forms\/XtWffzBfmObd1aTB2\">siguiente formulario<\/a>:<\/p>\n<p><iframe loading=\"lazy\" width=\"760\" height=\"500\" src=\"https:\/\/docs.google.com\/forms\/d\/e\/1FAIpQLSdxuZ9tOrBOw9n3DHkkQjyGYkddNDn74Ez7mwizhxCe-eHuQg\/viewform?embedded=true\" frameborder=\"0\" marginwidth=\"0\" marginheight=\"0\">Cargando&#8230;<\/iframe><\/p>\n<p>&nbsp;<\/p>\n<hr>\n<p>&nbsp;<\/p>\n<p><a href=\"https:\/\/i0.wp.com\/www.noviasalcedo.es\/wp-content\/uploads\/2016\/09\/IMG_4120.jpg\"><img data-recalc-dims=\"1\" loading=\"lazy\" decoding=\"async\" width=\"300\" height=\"200\" class=\"alignleft wp-image-5052 size-medium\" src=\"https:\/\/i0.wp.com\/www.noviasalcedo.es\/wp-content\/uploads\/2016\/09\/IMG_4120-300x200.jpg?resize=300%2C200\"><br \/>\n<\/a><\/p>\n<p>&nbsp;<\/p>\n<p>&nbsp;<\/p>\n<h2>&nbsp;<\/h2>\n<h2>&nbsp;<\/h2>\n<h2>&nbsp;<\/h2>\n<h2>Bilbao Youth Employment Forum 2016<\/h2>\n<p><img data-recalc-dims=\"1\" decoding=\"async\"  class=\"size-medium wp-image-1327 alignright\" alt=\"byef-pegasus16\" src=\"https:\/\/i0.wp.com\/www.noviasalcedo.es\/wp-content\/uploads\/2016\/04\/byef-pegasus16-300x230.png?w=200\">III Edici\u00f3n del Foro.<br \/>\n<strong>El cambio comienza por&nbsp;nosotros mismos:<\/strong><br \/>\n<strong> Desarrollar equipos, construir organizaciones comprometidas con la Agenda 2030<\/strong><\/p>\n<ul>\n<li>Por un lado, la presentaci\u00f3n de la I<strong>niciativa Global para Empleos Decentes de la OIT<\/strong>, integrada en el marco de NNUU para el despliegue de los ODS. La organizaci\u00f3n del Foro busca crear un espacio de encuentro para los representantes clave de organismos internacionales, para que desde esta perspectiva, conozcamos los retos clave en materia de empleo decente y educaci\u00f3n para todos en el marco de los ODS. Contaremos con representantes del Gobierno de Espa\u00f1a, y otros actores de la esfera socio-econ\u00f3mica de nuestro entorno para apoyar el impulso de esta Agenda.<\/li>\n<li>&nbsp;Por otro lado, y, partiendo de este marco de referencia, reforzar la idea de que \u201c<strong><em>el cambio empieza por nosotros mismos<\/em><\/strong>\u201d. Uno de los pilares clave de desarrollo son las organizaciones, por lo que trabajaremos hacia una metodolog\u00eda com\u00fan que nos ayude a d<em>esarrollar equipos, y construir organizaciones comprometidas con la Agenda 2030.<\/em><\/li>\n<\/ul>\n<p><img data-recalc-dims=\"1\" loading=\"lazy\" decoding=\"async\" width=\"300\" height=\"200\" class=\"size-medium wp-image-4746 alignleft\" alt=\"byef 2016 - bizkaia aretoa\" src=\"https:\/\/i0.wp.com\/www.youthemploymentdecade.org\/wp-content\/uploads\/2015\/10\/Bizkaia-Aretoa.jpg?resize=300%2C200\" srcset=\"https:\/\/i0.wp.com\/www.youthemploymentdecade.org\/wp-content\/uploads\/2015\/10\/Bizkaia-Aretoa.jpg?resize=300%2C200 300w, https:\/\/i0.wp.com\/www.youthemploymentdecade.org\/wp-content\/uploads\/2015\/10\/Bizkaia-Aretoa.jpg?w=640 640w\" sizes=\"auto, (max-width: 300px) 100vw, 300px\" \/>Responderemos a la cuesti\u00f3n de qu\u00e9 estamos haciendo desde los <strong>Comit\u00e9s Regionales de la Campa\u00f1a<\/strong>&nbsp;(Africa y LATAM y Caribe) y&nbsp;desde nuestras organizaciones y c\u00f3mo podemos mejorar nuestro desempe\u00f1o, para contribuir a los retos de la Agenda de los ODS, y en particular, el <strong>objetivo-8<\/strong> .<\/p>\n<table style=\"width: 100%;\" cellspacing=\"5\" cellpadding=\"5\">\n<tbody>\n<tr>\n<td style=\"width: 243.04px; text-align: center;\"><img data-recalc-dims=\"1\" loading=\"lazy\" decoding=\"async\" width=\"84\" height=\"112\" class=\"aligncenter size-full wp-image-4240\" alt=\"Ayuntamiento de Bilbao - Bilboko Udala\" src=\"https:\/\/i0.wp.com\/www.youthemploymentdecade.org\/wp-content\/uploads\/2016\/03\/bilbao.png?resize=84%2C112\"><\/td>\n<td style=\"width: 288.65px; text-align: center;\"><img data-recalc-dims=\"1\" loading=\"lazy\" decoding=\"async\" width=\"105\" height=\"122\" class=\"aligncenter size-full wp-image-4239\" alt=\"Gobierno Vasco\" src=\"https:\/\/i0.wp.com\/www.youthemploymentdecade.org\/wp-content\/uploads\/2016\/03\/gv.png?resize=105%2C122\"><\/td>\n<td style=\"width: 718.31px; text-align: center;\">&nbsp;<\/td>\n<\/tr>\n<\/tbody>\n<\/table>\n<p><strong>&nbsp;<\/strong><\/p>\n<p>&nbsp;<\/p>\n<p>&nbsp;<br \/>\nEdici\u00f3n anterior:<\/p>\n<p>http:\/\/www.youthemploymentdecade.org\/byef-2016\/<\/p>","protected":false},"excerpt":{"rendered":"<p>Bilbao Youth Employment Forum 2017 &#8211; &nbsp;21st of November . &nbsp; \u201cCreating shared knowledge on future employability: partnerships and allies \u201d At Bizkaia Aretoa, Bilbao. &#8230;<\/p>\n","protected":false},"author":8,"featured_media":0,"parent":8,"menu_order":0,"comment_status":"closed","ping_status":"closed","template":"","meta":{"ngg_post_thumbnail":0,"footnotes":""},"class_list":["post-5541","page","type-page","status-publish","hentry"],"yoast_head":"<!-- This site is optimized with the Yoast SEO plugin v27.6 - https:\/\/yoast.com\/product\/yoast-seo-wordpress\/ -->\n<title>Byef - Youth Employment Decade<\/title>\n<meta name=\"robots\" content=\"index, follow, max-snippet:-1, max-image-preview:large, max-video-preview:-1\" \/>\n<link rel=\"canonical\" href=\"http:\/\/www.youthemploymentdecade.org\/en\/pensamiento\/byef\/\" \/>\n<meta property=\"og:locale\" content=\"en_US\" \/>\n<meta property=\"og:type\" content=\"article\" \/>\n<meta property=\"og:title\" content=\"Byef - Youth Employment Decade\" \/>\n<meta property=\"og:description\" content=\"Bilbao Youth Employment Forum 2017 &#8211; &nbsp;21st of November . &nbsp; \u201cCreating shared knowledge on future employability: partnerships and allies \u201d At Bizkaia Aretoa, Bilbao. ...\" \/>\n<meta property=\"og:url\" content=\"http:\/\/www.youthemploymentdecade.org\/en\/pensamiento\/byef\/\" \/>\n<meta property=\"og:site_name\" content=\"Youth Employment Decade\" \/>\n<meta property=\"article:modified_time\" content=\"2017-11-15T11:36:32+00:00\" \/>\n<meta property=\"og:image\" content=\"http:\/\/www.youthemploymentdecade.org\/wp-content\/uploads\/2017\/09\/byef17web.png\" \/>\n<meta name=\"twitter:label1\" content=\"Est. reading time\" \/>\n\t<meta name=\"twitter:data1\" content=\"5 minutes\" \/>\n<script type=\"application\/ld+json\" class=\"yoast-schema-graph\">{\"@context\":\"https:\\\/\\\/schema.org\",\"@graph\":[{\"@type\":\"WebPage\",\"@id\":\"http:\\\/\\\/www.youthemploymentdecade.org\\\/en\\\/pensamiento\\\/byef\\\/\",\"url\":\"http:\\\/\\\/www.youthemploymentdecade.org\\\/en\\\/pensamiento\\\/byef\\\/\",\"name\":\"Byef - Youth Employment Decade\",\"isPartOf\":{\"@id\":\"http:\\\/\\\/www.youthemploymentdecade.org\\\/en\\\/#website\"},\"primaryImageOfPage\":{\"@id\":\"http:\\\/\\\/www.youthemploymentdecade.org\\\/en\\\/pensamiento\\\/byef\\\/#primaryimage\"},\"image\":{\"@id\":\"http:\\\/\\\/www.youthemploymentdecade.org\\\/en\\\/pensamiento\\\/byef\\\/#primaryimage\"},\"thumbnailUrl\":\"http:\\\/\\\/www.youthemploymentdecade.org\\\/wp-content\\\/uploads\\\/2017\\\/09\\\/byef17web.png\",\"datePublished\":\"2017-09-05T10:05:23+00:00\",\"dateModified\":\"2017-11-15T11:36:32+00:00\",\"breadcrumb\":{\"@id\":\"http:\\\/\\\/www.youthemploymentdecade.org\\\/en\\\/pensamiento\\\/byef\\\/#breadcrumb\"},\"inLanguage\":\"en-US\",\"potentialAction\":[{\"@type\":\"ReadAction\",\"target\":[\"http:\\\/\\\/www.youthemploymentdecade.org\\\/en\\\/pensamiento\\\/byef\\\/\"]}]},{\"@type\":\"ImageObject\",\"inLanguage\":\"en-US\",\"@id\":\"http:\\\/\\\/www.youthemploymentdecade.org\\\/en\\\/pensamiento\\\/byef\\\/#primaryimage\",\"url\":\"http:\\\/\\\/www.youthemploymentdecade.org\\\/wp-content\\\/uploads\\\/2017\\\/09\\\/byef17web.png\",\"contentUrl\":\"http:\\\/\\\/www.youthemploymentdecade.org\\\/wp-content\\\/uploads\\\/2017\\\/09\\\/byef17web.png\"},{\"@type\":\"BreadcrumbList\",\"@id\":\"http:\\\/\\\/www.youthemploymentdecade.org\\\/en\\\/pensamiento\\\/byef\\\/#breadcrumb\",\"itemListElement\":[{\"@type\":\"ListItem\",\"position\":1,\"name\":\"Portada\",\"item\":\"http:\\\/\\\/www.youthemploymentdecade.org\\\/en\\\/\"},{\"@type\":\"ListItem\",\"position\":2,\"name\":\"Pensamiento\",\"item\":\"http:\\\/\\\/www.youthemploymentdecade.org\\\/es\\\/pensamiento\\\/\"},{\"@type\":\"ListItem\",\"position\":3,\"name\":\"Byef\"}]},{\"@type\":\"WebSite\",\"@id\":\"http:\\\/\\\/www.youthemploymentdecade.org\\\/en\\\/#website\",\"url\":\"http:\\\/\\\/www.youthemploymentdecade.org\\\/en\\\/\",\"name\":\"Youth Employment Decade\",\"description\":\"\",\"potentialAction\":[{\"@type\":\"SearchAction\",\"target\":{\"@type\":\"EntryPoint\",\"urlTemplate\":\"http:\\\/\\\/www.youthemploymentdecade.org\\\/en\\\/?s={search_term_string}\"},\"query-input\":{\"@type\":\"PropertyValueSpecification\",\"valueRequired\":true,\"valueName\":\"search_term_string\"}}],\"inLanguage\":\"en-US\"}]}<\/script>\n<!-- \/ Yoast SEO plugin. -->","yoast_head_json":{"title":"Byef - Youth Employment Decade","robots":{"index":"index","follow":"follow","max-snippet":"max-snippet:-1","max-image-preview":"max-image-preview:large","max-video-preview":"max-video-preview:-1"},"canonical":"http:\/\/www.youthemploymentdecade.org\/en\/pensamiento\/byef\/","og_locale":"en_US","og_type":"article","og_title":"Byef - Youth Employment Decade","og_description":"Bilbao Youth Employment Forum 2017 &#8211; &nbsp;21st of November . &nbsp; \u201cCreating shared knowledge on future employability: partnerships and allies \u201d At Bizkaia Aretoa, Bilbao. ...","og_url":"http:\/\/www.youthemploymentdecade.org\/en\/pensamiento\/byef\/","og_site_name":"Youth Employment Decade","article_modified_time":"2017-11-15T11:36:32+00:00","og_image":[{"url":"http:\/\/www.youthemploymentdecade.org\/wp-content\/uploads\/2017\/09\/byef17web.png","type":"","width":"","height":""}],"twitter_misc":{"Est. reading time":"5 minutes"},"schema":{"@context":"https:\/\/schema.org","@graph":[{"@type":"WebPage","@id":"http:\/\/www.youthemploymentdecade.org\/en\/pensamiento\/byef\/","url":"http:\/\/www.youthemploymentdecade.org\/en\/pensamiento\/byef\/","name":"Byef - Youth Employment Decade","isPartOf":{"@id":"http:\/\/www.youthemploymentdecade.org\/en\/#website"},"primaryImageOfPage":{"@id":"http:\/\/www.youthemploymentdecade.org\/en\/pensamiento\/byef\/#primaryimage"},"image":{"@id":"http:\/\/www.youthemploymentdecade.org\/en\/pensamiento\/byef\/#primaryimage"},"thumbnailUrl":"http:\/\/www.youthemploymentdecade.org\/wp-content\/uploads\/2017\/09\/byef17web.png","datePublished":"2017-09-05T10:05:23+00:00","dateModified":"2017-11-15T11:36:32+00:00","breadcrumb":{"@id":"http:\/\/www.youthemploymentdecade.org\/en\/pensamiento\/byef\/#breadcrumb"},"inLanguage":"en-US","potentialAction":[{"@type":"ReadAction","target":["http:\/\/www.youthemploymentdecade.org\/en\/pensamiento\/byef\/"]}]},{"@type":"ImageObject","inLanguage":"en-US","@id":"http:\/\/www.youthemploymentdecade.org\/en\/pensamiento\/byef\/#primaryimage","url":"http:\/\/www.youthemploymentdecade.org\/wp-content\/uploads\/2017\/09\/byef17web.png","contentUrl":"http:\/\/www.youthemploymentdecade.org\/wp-content\/uploads\/2017\/09\/byef17web.png"},{"@type":"BreadcrumbList","@id":"http:\/\/www.youthemploymentdecade.org\/en\/pensamiento\/byef\/#breadcrumb","itemListElement":[{"@type":"ListItem","position":1,"name":"Portada","item":"http:\/\/www.youthemploymentdecade.org\/en\/"},{"@type":"ListItem","position":2,"name":"Pensamiento","item":"http:\/\/www.youthemploymentdecade.org\/es\/pensamiento\/"},{"@type":"ListItem","position":3,"name":"Byef"}]},{"@type":"WebSite","@id":"http:\/\/www.youthemploymentdecade.org\/en\/#website","url":"http:\/\/www.youthemploymentdecade.org\/en\/","name":"Youth Employment Decade","description":"","potentialAction":[{"@type":"SearchAction","target":{"@type":"EntryPoint","urlTemplate":"http:\/\/www.youthemploymentdecade.org\/en\/?s={search_term_string}"},"query-input":{"@type":"PropertyValueSpecification","valueRequired":true,"valueName":"search_term_string"}}],"inLanguage":"en-US"}]}},"jetpack_sharing_enabled":true,"_links":{"self":[{"href":"http:\/\/www.youthemploymentdecade.org\/en\/wp-json\/wp\/v2\/pages\/5541","targetHints":{"allow":["GET"]}}],"collection":[{"href":"http:\/\/www.youthemploymentdecade.org\/en\/wp-json\/wp\/v2\/pages"}],"about":[{"href":"http:\/\/www.youthemploymentdecade.org\/en\/wp-json\/wp\/v2\/types\/page"}],"author":[{"embeddable":true,"href":"http:\/\/www.youthemploymentdecade.org\/en\/wp-json\/wp\/v2\/users\/8"}],"replies":[{"embeddable":true,"href":"http:\/\/www.youthemploymentdecade.org\/en\/wp-json\/wp\/v2\/comments?post=5541"}],"version-history":[{"count":38,"href":"http:\/\/www.youthemploymentdecade.org\/en\/wp-json\/wp\/v2\/pages\/5541\/revisions"}],"predecessor-version":[{"id":5718,"href":"http:\/\/www.youthemploymentdecade.org\/en\/wp-json\/wp\/v2\/pages\/5541\/revisions\/5718"}],"up":[{"embeddable":true,"href":"http:\/\/www.youthemploymentdecade.org\/en\/wp-json\/wp\/v2\/pages\/8"}],"wp:attachment":[{"href":"http:\/\/www.youthemploymentdecade.org\/en\/wp-json\/wp\/v2\/media?parent=5541"}],"curies":[{"name":"wp","href":"https:\/\/api.w.org\/{rel}","templated":true}]}}