{"id":3889,"date":"2015-12-23T13:28:44","date_gmt":"2015-12-23T12:28:44","guid":{"rendered":"http:\/\/www.youthemploymentdecade.org\/?page_id=3889"},"modified":"2018-02-07T16:48:32","modified_gmt":"2018-02-07T15:48:32","slug":"comite-regional-america-latina-y-el-caribe","status":"publish","type":"page","link":"http:\/\/www.youthemploymentdecade.org\/es\/action\/comite-regional-america-latina-y-el-caribe\/","title":{"rendered":"Comit\u00e9 Regional Am\u00e9rica Latina y el Caribe"},"content":{"rendered":"<p><\/p>\n<h3 style=\"text-align: justify;\"><span style=\"color: #3366ff;\"><strong>Comit\u00e9 Regional Am\u00e9rica Latina y el Caribe<\/strong><\/span><\/h3>\n<p style=\"text-align: justify;\">Los Comit\u00e9s Regionales es un grupo de entidades de la sociedad civil adheridas a la Campa\u00f1a que voluntariamente se organizan para impulsar y difundir sus objetivos adapt\u00e1ndola a su realidad regional.<\/p>\n<p style=\"text-align: justify;\">El de Am\u00e9rica Latina y el Caribe se constituy\u00f3 en octubre de 2016. &nbsp;Horacio Llovet y Javier Krawicki, socios fundadores de Tu Primera Pega, son las personas coordinadoras. Su entidad es una organizaci\u00f3n radicada en Chile y Argentina, cuya finalidad es el acompa\u00f1amiento de los j\u00f3venes en su primer empleo.<\/p>\n<p style=\"text-align: justify;\">La decisi\u00f3n de que asumieran el Comit\u00e9 Regional fue motivada por su tenacidad y constancia no s\u00f3lo en su buen hacer en la difusi\u00f3n del proyecto sino su capacidad de movilizar a tantos j\u00f3venes all\u00e1 donde Tu Primera Pega est\u00e1 implementada.<\/p>\n<h3 style=\"text-align: justify;\"><span style=\"color: #3366ff;\">Actividades estrat\u00e9gicas<\/span><\/h3>\n<p style=\"text-align: justify;\">El Comit\u00e9 Regional de Am\u00e9rica Latina y Caribe tendr\u00e1 tres pilares fundamentales a desarrollar:<\/p>\n<p style=\"text-align: justify;\"><strong>Comunicaci\u00f3n y sensibilizaci\u00f3n: <\/strong>La difusi\u00f3n del proyecto es una parte esencial. Promover y organizar eventos en la sociedad, gestionar medios de comunicaci\u00f3n y promocionar actividades y logros de la Campa\u00f1a con el fin de comunicar y sensibilizar los campos de actividad se\u00f1alados.<\/p>\n<p style=\"text-align: justify;\"><strong><img data-recalc-dims=\"1\" loading=\"lazy\" decoding=\"async\" class=\"wp-image-4959 size-medium alignleft\" src=\"https:\/\/i0.wp.com\/www.youthemploymentdecade.org\/wp-content\/uploads\/2015\/12\/IMG_4117.jpg?resize=300%2C225\" alt=\"Comit\u00e9-Regional-Am\u00e9rica-Latina-y-Caribe\" width=\"300\" height=\"225\" srcset=\"https:\/\/i0.wp.com\/www.youthemploymentdecade.org\/wp-content\/uploads\/2015\/12\/IMG_4117.jpg?resize=300%2C225 300w, https:\/\/i0.wp.com\/www.youthemploymentdecade.org\/wp-content\/uploads\/2015\/12\/IMG_4117.jpg?resize=768%2C576 768w, https:\/\/i0.wp.com\/www.youthemploymentdecade.org\/wp-content\/uploads\/2015\/12\/IMG_4117.jpg?resize=1024%2C768 1024w, https:\/\/i0.wp.com\/www.youthemploymentdecade.org\/wp-content\/uploads\/2015\/12\/IMG_4117.jpg?w=1280 1280w\" sizes=\"auto, (max-width: 300px) 100vw, 300px\" \/>Creaci\u00f3n de conocimiento:<\/strong> Obtener un mejor conocimiento de las realidades locales, regionales y nacionales en materia de empleo juvenil a trav\u00e9s de una intensa tarea de investigaci\u00f3n de informes, universidades, think tanks y organizaciones que trabajan en materia de empleo y juventud.<\/p>\n<p style=\"text-align: justify;\"><strong>Relaciones institucionales:<\/strong>&nbsp;Establecer los contactos institucionales necesarios y definir actividades de difusi\u00f3n para la b\u00fasqueda y consolidaci\u00f3n de apoyos sociales y pol\u00edticos para llevar a cabo todas las actividades de la Campa\u00f1a: organizaciones civiles, gobiernos, partidos pol\u00edticos, sindicatos, instituciones acad\u00e9micas, empresas, organismos internacionales.<\/p>\n<p>&nbsp;<\/p>\n<p><a href=\"https:\/\/i0.wp.com\/www.youthemploymentdecade.org\/wp-content\/uploads\/2015\/09\/pegasus-latin-committee.png\" rel=\"attachment wp-att-3809\"><img data-recalc-dims=\"1\" loading=\"lazy\" decoding=\"async\" class=\"aligncenter size-full wp-image-3809\" src=\"https:\/\/i0.wp.com\/www.youthemploymentdecade.org\/wp-content\/uploads\/2015\/09\/pegasus-latin-committee.png?resize=1140%2C255\" alt=\"pegasus latin committee\" width=\"1140\" height=\"255\" srcset=\"https:\/\/i0.wp.com\/www.youthemploymentdecade.org\/wp-content\/uploads\/2015\/09\/pegasus-latin-committee.png?w=1778 1778w, https:\/\/i0.wp.com\/www.youthemploymentdecade.org\/wp-content\/uploads\/2015\/09\/pegasus-latin-committee.png?resize=300%2C67 300w, https:\/\/i0.wp.com\/www.youthemploymentdecade.org\/wp-content\/uploads\/2015\/09\/pegasus-latin-committee.png?resize=1024%2C229 1024w\" sizes=\"auto, (max-width: 1140px) 100vw, 1140px\" \/><br \/>\n<\/a><\/p>\n<p><iframe loading=\"lazy\" src=\"http:\/\/www.noviasalcedo.es\/jovenes\/inscripciones\/adhesiondecada\/resultados-en-latin.asp\" marginwidth=\"0\" marginheight=\"0\" width=\"760\" height=\"700\" frameborder=\"0\">Cargando&#8230;<\/iframe><\/p>","protected":false},"excerpt":{"rendered":"<p>Comit\u00e9 Regional Am\u00e9rica Latina y el Caribe Los Comit\u00e9s Regionales es un grupo de entidades de la sociedad civil adheridas a la Campa\u00f1a que voluntariamente &#8230;<\/p>\n","protected":false},"author":8,"featured_media":0,"parent":3532,"menu_order":0,"comment_status":"closed","ping_status":"closed","template":"","meta":{"ngg_post_thumbnail":0,"footnotes":""},"class_list":["post-3889","page","type-page","status-publish","hentry"],"yoast_head":"<!-- This site is optimized with the Yoast SEO plugin v27.6 - https:\/\/yoast.com\/product\/yoast-seo-wordpress\/ -->\n<title>Comit\u00e9 Regional Am\u00e9rica Latina y el Caribe<\/title>\n<meta name=\"description\" content=\"Los Comit\u00e9s Regionales son unas entidades de la sociedad civil adheridas a la Campa\u00f1a. El de Am\u00e9rica Latina y el Caribe se constituy\u00f3 en octubre de 2016\" \/>\n<meta name=\"robots\" content=\"index, follow, max-snippet:-1, max-image-preview:large, max-video-preview:-1\" \/>\n<link rel=\"canonical\" href=\"http:\/\/www.youthemploymentdecade.org\/es\/action\/comite-regional-america-latina-y-el-caribe\/\" \/>\n<meta property=\"og:locale\" content=\"es_ES\" \/>\n<meta property=\"og:type\" content=\"article\" \/>\n<meta property=\"og:title\" content=\"Comit\u00e9 Regional Am\u00e9rica Latina y el Caribe\" \/>\n<meta property=\"og:description\" content=\"Los Comit\u00e9s Regionales son unas entidades de la sociedad civil adheridas a la Campa\u00f1a. El de Am\u00e9rica Latina y el Caribe se constituy\u00f3 en octubre de 2016\" \/>\n<meta property=\"og:url\" content=\"http:\/\/www.youthemploymentdecade.org\/es\/action\/comite-regional-america-latina-y-el-caribe\/\" \/>\n<meta property=\"og:site_name\" content=\"Youth Employment Decade\" \/>\n<meta property=\"article:modified_time\" content=\"2018-02-07T15:48:32+00:00\" \/>\n<meta property=\"og:image\" content=\"http:\/\/www.youthemploymentdecade.org\/wp-content\/uploads\/2015\/12\/IMG_4117-300x225.jpg\" \/>\n<meta name=\"twitter:label1\" content=\"Tiempo de lectura\" \/>\n\t<meta name=\"twitter:data1\" content=\"3 minutos\" \/>\n<script type=\"application\/ld+json\" class=\"yoast-schema-graph\">{\"@context\":\"https:\\\/\\\/schema.org\",\"@graph\":[{\"@type\":\"WebPage\",\"@id\":\"http:\\\/\\\/www.youthemploymentdecade.org\\\/es\\\/action\\\/comite-regional-america-latina-y-el-caribe\\\/\",\"url\":\"http:\\\/\\\/www.youthemploymentdecade.org\\\/es\\\/action\\\/comite-regional-america-latina-y-el-caribe\\\/\",\"name\":\"Comit\u00e9 Regional Am\u00e9rica Latina y el Caribe\",\"isPartOf\":{\"@id\":\"http:\\\/\\\/www.youthemploymentdecade.org\\\/en\\\/#website\"},\"primaryImageOfPage\":{\"@id\":\"http:\\\/\\\/www.youthemploymentdecade.org\\\/es\\\/action\\\/comite-regional-america-latina-y-el-caribe\\\/#primaryimage\"},\"image\":{\"@id\":\"http:\\\/\\\/www.youthemploymentdecade.org\\\/es\\\/action\\\/comite-regional-america-latina-y-el-caribe\\\/#primaryimage\"},\"thumbnailUrl\":\"http:\\\/\\\/www.youthemploymentdecade.org\\\/wp-content\\\/uploads\\\/2015\\\/12\\\/IMG_4117-300x225.jpg\",\"datePublished\":\"2015-12-23T12:28:44+00:00\",\"dateModified\":\"2018-02-07T15:48:32+00:00\",\"description\":\"Los Comit\u00e9s Regionales son unas entidades de la sociedad civil adheridas a la Campa\u00f1a. El de Am\u00e9rica Latina y el Caribe se constituy\u00f3 en octubre de 2016\",\"breadcrumb\":{\"@id\":\"http:\\\/\\\/www.youthemploymentdecade.org\\\/es\\\/action\\\/comite-regional-america-latina-y-el-caribe\\\/#breadcrumb\"},\"inLanguage\":\"es\",\"potentialAction\":[{\"@type\":\"ReadAction\",\"target\":[\"http:\\\/\\\/www.youthemploymentdecade.org\\\/es\\\/action\\\/comite-regional-america-latina-y-el-caribe\\\/\"]}]},{\"@type\":\"ImageObject\",\"inLanguage\":\"es\",\"@id\":\"http:\\\/\\\/www.youthemploymentdecade.org\\\/es\\\/action\\\/comite-regional-america-latina-y-el-caribe\\\/#primaryimage\",\"url\":\"http:\\\/\\\/www.youthemploymentdecade.org\\\/wp-content\\\/uploads\\\/2015\\\/12\\\/IMG_4117-300x225.jpg\",\"contentUrl\":\"http:\\\/\\\/www.youthemploymentdecade.org\\\/wp-content\\\/uploads\\\/2015\\\/12\\\/IMG_4117-300x225.jpg\"},{\"@type\":\"BreadcrumbList\",\"@id\":\"http:\\\/\\\/www.youthemploymentdecade.org\\\/es\\\/action\\\/comite-regional-america-latina-y-el-caribe\\\/#breadcrumb\",\"itemListElement\":[{\"@type\":\"ListItem\",\"position\":1,\"name\":\"Portada\",\"item\":\"http:\\\/\\\/www.youthemploymentdecade.org\\\/en\\\/\"},{\"@type\":\"ListItem\",\"position\":2,\"name\":\"Acci\u00f3n\",\"item\":\"http:\\\/\\\/www.youthemploymentdecade.org\\\/es\\\/action\\\/\"},{\"@type\":\"ListItem\",\"position\":3,\"name\":\"Comit\u00e9 Regional Am\u00e9rica Latina y el Caribe\"}]},{\"@type\":\"WebSite\",\"@id\":\"http:\\\/\\\/www.youthemploymentdecade.org\\\/en\\\/#website\",\"url\":\"http:\\\/\\\/www.youthemploymentdecade.org\\\/en\\\/\",\"name\":\"Youth Employment Decade\",\"description\":\"\",\"potentialAction\":[{\"@type\":\"SearchAction\",\"target\":{\"@type\":\"EntryPoint\",\"urlTemplate\":\"http:\\\/\\\/www.youthemploymentdecade.org\\\/en\\\/?s={search_term_string}\"},\"query-input\":{\"@type\":\"PropertyValueSpecification\",\"valueRequired\":true,\"valueName\":\"search_term_string\"}}],\"inLanguage\":\"es\"}]}<\/script>\n<!-- \/ Yoast SEO plugin. -->","yoast_head_json":{"title":"Comit\u00e9 Regional Am\u00e9rica Latina y el Caribe","description":"Los Comit\u00e9s Regionales son unas entidades de la sociedad civil adheridas a la Campa\u00f1a. El de Am\u00e9rica Latina y el Caribe se constituy\u00f3 en octubre de 2016","robots":{"index":"index","follow":"follow","max-snippet":"max-snippet:-1","max-image-preview":"max-image-preview:large","max-video-preview":"max-video-preview:-1"},"canonical":"http:\/\/www.youthemploymentdecade.org\/es\/action\/comite-regional-america-latina-y-el-caribe\/","og_locale":"es_ES","og_type":"article","og_title":"Comit\u00e9 Regional Am\u00e9rica Latina y el Caribe","og_description":"Los Comit\u00e9s Regionales son unas entidades de la sociedad civil adheridas a la Campa\u00f1a. El de Am\u00e9rica Latina y el Caribe se constituy\u00f3 en octubre de 2016","og_url":"http:\/\/www.youthemploymentdecade.org\/es\/action\/comite-regional-america-latina-y-el-caribe\/","og_site_name":"Youth Employment Decade","article_modified_time":"2018-02-07T15:48:32+00:00","og_image":[{"url":"http:\/\/www.youthemploymentdecade.org\/wp-content\/uploads\/2015\/12\/IMG_4117-300x225.jpg","type":"","width":"","height":""}],"twitter_misc":{"Tiempo de lectura":"3 minutos"},"schema":{"@context":"https:\/\/schema.org","@graph":[{"@type":"WebPage","@id":"http:\/\/www.youthemploymentdecade.org\/es\/action\/comite-regional-america-latina-y-el-caribe\/","url":"http:\/\/www.youthemploymentdecade.org\/es\/action\/comite-regional-america-latina-y-el-caribe\/","name":"Comit\u00e9 Regional Am\u00e9rica Latina y el Caribe","isPartOf":{"@id":"http:\/\/www.youthemploymentdecade.org\/en\/#website"},"primaryImageOfPage":{"@id":"http:\/\/www.youthemploymentdecade.org\/es\/action\/comite-regional-america-latina-y-el-caribe\/#primaryimage"},"image":{"@id":"http:\/\/www.youthemploymentdecade.org\/es\/action\/comite-regional-america-latina-y-el-caribe\/#primaryimage"},"thumbnailUrl":"http:\/\/www.youthemploymentdecade.org\/wp-content\/uploads\/2015\/12\/IMG_4117-300x225.jpg","datePublished":"2015-12-23T12:28:44+00:00","dateModified":"2018-02-07T15:48:32+00:00","description":"Los Comit\u00e9s Regionales son unas entidades de la sociedad civil adheridas a la Campa\u00f1a. El de Am\u00e9rica Latina y el Caribe se constituy\u00f3 en octubre de 2016","breadcrumb":{"@id":"http:\/\/www.youthemploymentdecade.org\/es\/action\/comite-regional-america-latina-y-el-caribe\/#breadcrumb"},"inLanguage":"es","potentialAction":[{"@type":"ReadAction","target":["http:\/\/www.youthemploymentdecade.org\/es\/action\/comite-regional-america-latina-y-el-caribe\/"]}]},{"@type":"ImageObject","inLanguage":"es","@id":"http:\/\/www.youthemploymentdecade.org\/es\/action\/comite-regional-america-latina-y-el-caribe\/#primaryimage","url":"http:\/\/www.youthemploymentdecade.org\/wp-content\/uploads\/2015\/12\/IMG_4117-300x225.jpg","contentUrl":"http:\/\/www.youthemploymentdecade.org\/wp-content\/uploads\/2015\/12\/IMG_4117-300x225.jpg"},{"@type":"BreadcrumbList","@id":"http:\/\/www.youthemploymentdecade.org\/es\/action\/comite-regional-america-latina-y-el-caribe\/#breadcrumb","itemListElement":[{"@type":"ListItem","position":1,"name":"Portada","item":"http:\/\/www.youthemploymentdecade.org\/en\/"},{"@type":"ListItem","position":2,"name":"Acci\u00f3n","item":"http:\/\/www.youthemploymentdecade.org\/es\/action\/"},{"@type":"ListItem","position":3,"name":"Comit\u00e9 Regional Am\u00e9rica Latina y el Caribe"}]},{"@type":"WebSite","@id":"http:\/\/www.youthemploymentdecade.org\/en\/#website","url":"http:\/\/www.youthemploymentdecade.org\/en\/","name":"Youth Employment Decade","description":"","potentialAction":[{"@type":"SearchAction","target":{"@type":"EntryPoint","urlTemplate":"http:\/\/www.youthemploymentdecade.org\/en\/?s={search_term_string}"},"query-input":{"@type":"PropertyValueSpecification","valueRequired":true,"valueName":"search_term_string"}}],"inLanguage":"es"}]}},"jetpack_sharing_enabled":true,"_links":{"self":[{"href":"http:\/\/www.youthemploymentdecade.org\/es\/wp-json\/wp\/v2\/pages\/3889","targetHints":{"allow":["GET"]}}],"collection":[{"href":"http:\/\/www.youthemploymentdecade.org\/es\/wp-json\/wp\/v2\/pages"}],"about":[{"href":"http:\/\/www.youthemploymentdecade.org\/es\/wp-json\/wp\/v2\/types\/page"}],"author":[{"embeddable":true,"href":"http:\/\/www.youthemploymentdecade.org\/es\/wp-json\/wp\/v2\/users\/8"}],"replies":[{"embeddable":true,"href":"http:\/\/www.youthemploymentdecade.org\/es\/wp-json\/wp\/v2\/comments?post=3889"}],"version-history":[{"count":8,"href":"http:\/\/www.youthemploymentdecade.org\/es\/wp-json\/wp\/v2\/pages\/3889\/revisions"}],"predecessor-version":[{"id":5976,"href":"http:\/\/www.youthemploymentdecade.org\/es\/wp-json\/wp\/v2\/pages\/3889\/revisions\/5976"}],"up":[{"embeddable":true,"href":"http:\/\/www.youthemploymentdecade.org\/es\/wp-json\/wp\/v2\/pages\/3532"}],"wp:attachment":[{"href":"http:\/\/www.youthemploymentdecade.org\/es\/wp-json\/wp\/v2\/media?parent=3889"}],"curies":[{"name":"wp","href":"https:\/\/api.w.org\/{rel}","templated":true}]}}