{"id":52,"date":"2014-01-29T23:53:23","date_gmt":"2014-01-29T22:53:23","guid":{"rendered":"http:\/\/www.youthemploymentdecade.org\/?page_id=52"},"modified":"2015-11-02T13:54:38","modified_gmt":"2015-11-02T12:54:38","slug":"comite-campana","status":"publish","type":"page","link":"http:\/\/www.youthemploymentdecade.org\/es\/comite-campana\/","title":{"rendered":"Comit\u00e9 de Campa\u00f1a"},"content":{"rendered":"<p>El Gobierno de Espa\u00f1a, con el fin de aunar esfuerzos, y mediante Acuerdo de Consejo de Ministros de 12 de junio de 2015, crea un Comit\u00e9 de Campa\u00f1a, en el que est\u00e1n presentes no s\u00f3lo miembros de la Administraci\u00f3n General del Estado, sino tambi\u00e9n Organizaciones Internacionales, otras administraciones p\u00fablicas espa\u00f1olas, la sociedad civil y los agentes sociales. En especial, una vicepresidencia le corresponder\u00e1 a la Fundaci\u00f3n Novia Salcedo, impulsora de la iniciativa en el \u00e1mbito civil.<\/p>\n<p>Este Comit\u00e9 tiene car\u00e1cter de grupo de trabajo de conformidad con lo previsto en el 3 del art\u00edculo 40 de la Ley 6\/1997, de 14 de abril, de Organizaci\u00f3n y Funcionamiento de la Administraci\u00f3n General del Estado y estar\u00e1 adscrito al Ministerio de Sanidad, Servicio Sociales e Igualdad.<\/p>\n<p>El Comit\u00e9 tendr\u00e1 como finalidad coordinar los esfuerzos que tanto el Gobierno de Espa\u00f1a como la sociedad civil realicen para lograr la declaraci\u00f3n por parte de la Asamblea General de las Naciones Unidas la D\u00e9cada del Empleo Juvenil.<\/p>\n<p>La Secretar\u00eda del Comit\u00e9 est\u00e1 desempe\u00f1ada por la persona titular de la Direcci\u00f3n General del Instituto de la Juventud de Espa\u00f1a (INJUVE).<\/p>\n<p>Cuando as\u00ed lo aconseje la naturaleza de los asuntos a tratar, podr\u00e1n asistir a las reuniones, con voz pero sin voto, titulares de otros \u00f3rganos de la Administraci\u00f3n General del Estado, con rango equivalente al exigido al resto de miembros del Comit\u00e9 pertenecientes a \u00e9sta, representantes de las Comunidades Aut\u00f3nomas y Entidades Locales, as\u00ed como representantes de otros.<\/p>\n<p><strong><u>Funciones:<\/u><\/strong><\/p>\n<p>&nbsp;<\/p>\n<p>El Comit\u00e9 para la declaraci\u00f3n de la D\u00e9cada del Empleo Juvenil tiene las siguientes funciones:<\/p>\n<ol>\n<li>Promover la Declaraci\u00f3n de la D\u00e9cada del Empleo Juvenil por la Asamblea General de las Naciones Unidas.<\/li>\n<li>Coordinar las actividades que, para lograr esta Declaraci\u00f3n, realicen los miembros del Comit\u00e9 a nivel nacional e internacional.<\/li>\n<li>Proponer y coordinar las campa\u00f1as de difusi\u00f3n y comunicaci\u00f3n de la Declaraci\u00f3n de la D\u00e9cada del Empleo Juvenil.<\/li>\n<li>Fomentar la participaci\u00f3n de la sociedad civil en la Declaraci\u00f3n de la D\u00e9cada del Empleo Juvenil.<\/li>\n<\/ol>\n<p>Los acuerdos adoptados por el Comit\u00e9 no tendr\u00e1n trascendencia jur\u00eddica frente a terceros.<\/p>\n<p><strong><u>\u00a0Calendario de reuniones.<\/u><\/strong><\/p>\n<p>La presidencia del Comit\u00e9 establece el calendario de reuniones y, en general, decide sobre aquellas cuestiones que considere necesarias para el buen funcionamiento del Comit\u00e9.<\/p>\n<p>El Comit\u00e9 \u00a0podr\u00e1 crear grupos de apoyo\u00a0para realizar actividades concretas en funci\u00f3n de las necesidades de sus trabajos. Estos grupos\u00a0 tendr\u00e1n la composici\u00f3n que se establezca en el acuerdo que los constituya y ser\u00e1n presididos o por\u00a0 el titular de la Direcci\u00f3n General del Instituto de la Juventud o un representante del Ministerio de Empleo y Seguridad Social con rango de Director General.<\/p>\n<p>&nbsp;<\/p>\n<p><strong><a href=\"http:\/\/www.youthemploymentdecade.org\/comite-campana\/comittee-members\/\">-&gt; Miembros del Comit\u00e9<\/a><\/strong><\/p>\n<p>&nbsp;<\/p>","protected":false},"excerpt":{"rendered":"<p>El Gobierno de Espa\u00f1a, con el fin de aunar esfuerzos, y mediante Acuerdo de Consejo de Ministros de 12 de junio de 2015, crea un &#8230;<\/p>\n","protected":false},"author":1,"featured_media":0,"parent":0,"menu_order":2,"comment_status":"closed","ping_status":"closed","template":"","meta":{"ngg_post_thumbnail":0,"footnotes":""},"class_list":["post-52","page","type-page","status-publish","hentry"],"yoast_head":"<!-- This site is optimized with the Yoast SEO plugin v27.5 - https:\/\/yoast.com\/product\/yoast-seo-wordpress\/ -->\n<title>Comit\u00e9 de Campa\u00f1a  - Youth Employment Decade<\/title>\n<meta name=\"robots\" content=\"index, follow, max-snippet:-1, max-image-preview:large, max-video-preview:-1\" \/>\n<link rel=\"canonical\" href=\"http:\/\/www.youthemploymentdecade.org\/es\/comite-campana\/\" \/>\n<meta property=\"og:locale\" content=\"es_ES\" \/>\n<meta property=\"og:type\" content=\"article\" \/>\n<meta property=\"og:title\" content=\"[:en]Campaign Committee[:es]Comit\u00e9 de Campa\u00f1a [:] - Youth Employment Decade\" \/>\n<meta property=\"og:description\" content=\"El Gobierno de Espa\u00f1a, con el fin de aunar esfuerzos, y mediante Acuerdo de Consejo de Ministros de 12 de junio de 2015, crea un ...\" \/>\n<meta property=\"og:url\" content=\"http:\/\/www.youthemploymentdecade.org\/es\/comite-campana\/\" \/>\n<meta property=\"og:site_name\" content=\"Youth Employment Decade\" \/>\n<meta property=\"article:modified_time\" content=\"2015-11-02T12:54:38+00:00\" \/>\n<meta name=\"twitter:label1\" content=\"Tiempo de lectura\" \/>\n\t<meta name=\"twitter:data1\" content=\"4 minutos\" \/>\n<script type=\"application\/ld+json\" class=\"yoast-schema-graph\">{\"@context\":\"https:\\\/\\\/schema.org\",\"@graph\":[{\"@type\":\"WebPage\",\"@id\":\"http:\\\/\\\/www.youthemploymentdecade.org\\\/es\\\/comite-campana\\\/\",\"url\":\"http:\\\/\\\/www.youthemploymentdecade.org\\\/es\\\/comite-campana\\\/\",\"name\":\"[:en]Campaign Committee[:es]Comit\u00e9 de Campa\u00f1a [:] - Youth Employment Decade\",\"isPartOf\":{\"@id\":\"http:\\\/\\\/www.youthemploymentdecade.org\\\/en\\\/#website\"},\"datePublished\":\"2014-01-29T22:53:23+00:00\",\"dateModified\":\"2015-11-02T12:54:38+00:00\",\"breadcrumb\":{\"@id\":\"http:\\\/\\\/www.youthemploymentdecade.org\\\/es\\\/comite-campana\\\/#breadcrumb\"},\"inLanguage\":\"es\",\"potentialAction\":[{\"@type\":\"ReadAction\",\"target\":[\"http:\\\/\\\/www.youthemploymentdecade.org\\\/es\\\/comite-campana\\\/\"]}]},{\"@type\":\"BreadcrumbList\",\"@id\":\"http:\\\/\\\/www.youthemploymentdecade.org\\\/es\\\/comite-campana\\\/#breadcrumb\",\"itemListElement\":[{\"@type\":\"ListItem\",\"position\":1,\"name\":\"Portada\",\"item\":\"http:\\\/\\\/www.youthemploymentdecade.org\\\/en\\\/\"},{\"@type\":\"ListItem\",\"position\":2,\"name\":\"Comit\u00e9 de Campa\u00f1a\"}]},{\"@type\":\"WebSite\",\"@id\":\"http:\\\/\\\/www.youthemploymentdecade.org\\\/en\\\/#website\",\"url\":\"http:\\\/\\\/www.youthemploymentdecade.org\\\/en\\\/\",\"name\":\"Youth Employment Decade\",\"description\":\"\",\"potentialAction\":[{\"@type\":\"SearchAction\",\"target\":{\"@type\":\"EntryPoint\",\"urlTemplate\":\"http:\\\/\\\/www.youthemploymentdecade.org\\\/en\\\/?s={search_term_string}\"},\"query-input\":{\"@type\":\"PropertyValueSpecification\",\"valueRequired\":true,\"valueName\":\"search_term_string\"}}],\"inLanguage\":\"es\"}]}<\/script>\n<!-- \/ Yoast SEO plugin. -->","yoast_head_json":{"title":"[:en]Campaign Committee[:es]Comit\u00e9 de Campa\u00f1a [:] - Youth Employment Decade","robots":{"index":"index","follow":"follow","max-snippet":"max-snippet:-1","max-image-preview":"max-image-preview:large","max-video-preview":"max-video-preview:-1"},"canonical":"http:\/\/www.youthemploymentdecade.org\/es\/comite-campana\/","og_locale":"es_ES","og_type":"article","og_title":"[:en]Campaign Committee[:es]Comit\u00e9 de Campa\u00f1a [:] - Youth Employment Decade","og_description":"El Gobierno de Espa\u00f1a, con el fin de aunar esfuerzos, y mediante Acuerdo de Consejo de Ministros de 12 de junio de 2015, crea un ...","og_url":"http:\/\/www.youthemploymentdecade.org\/es\/comite-campana\/","og_site_name":"Youth Employment Decade","article_modified_time":"2015-11-02T12:54:38+00:00","twitter_misc":{"Tiempo de lectura":"4 minutos"},"schema":{"@context":"https:\/\/schema.org","@graph":[{"@type":"WebPage","@id":"http:\/\/www.youthemploymentdecade.org\/es\/comite-campana\/","url":"http:\/\/www.youthemploymentdecade.org\/es\/comite-campana\/","name":"[:en]Campaign Committee[:es]Comit\u00e9 de Campa\u00f1a [:] - Youth Employment Decade","isPartOf":{"@id":"http:\/\/www.youthemploymentdecade.org\/en\/#website"},"datePublished":"2014-01-29T22:53:23+00:00","dateModified":"2015-11-02T12:54:38+00:00","breadcrumb":{"@id":"http:\/\/www.youthemploymentdecade.org\/es\/comite-campana\/#breadcrumb"},"inLanguage":"es","potentialAction":[{"@type":"ReadAction","target":["http:\/\/www.youthemploymentdecade.org\/es\/comite-campana\/"]}]},{"@type":"BreadcrumbList","@id":"http:\/\/www.youthemploymentdecade.org\/es\/comite-campana\/#breadcrumb","itemListElement":[{"@type":"ListItem","position":1,"name":"Portada","item":"http:\/\/www.youthemploymentdecade.org\/en\/"},{"@type":"ListItem","position":2,"name":"Comit\u00e9 de Campa\u00f1a"}]},{"@type":"WebSite","@id":"http:\/\/www.youthemploymentdecade.org\/en\/#website","url":"http:\/\/www.youthemploymentdecade.org\/en\/","name":"Youth Employment Decade","description":"","potentialAction":[{"@type":"SearchAction","target":{"@type":"EntryPoint","urlTemplate":"http:\/\/www.youthemploymentdecade.org\/en\/?s={search_term_string}"},"query-input":{"@type":"PropertyValueSpecification","valueRequired":true,"valueName":"search_term_string"}}],"inLanguage":"es"}]}},"jetpack_sharing_enabled":true,"_links":{"self":[{"href":"http:\/\/www.youthemploymentdecade.org\/es\/wp-json\/wp\/v2\/pages\/52","targetHints":{"allow":["GET"]}}],"collection":[{"href":"http:\/\/www.youthemploymentdecade.org\/es\/wp-json\/wp\/v2\/pages"}],"about":[{"href":"http:\/\/www.youthemploymentdecade.org\/es\/wp-json\/wp\/v2\/types\/page"}],"author":[{"embeddable":true,"href":"http:\/\/www.youthemploymentdecade.org\/es\/wp-json\/wp\/v2\/users\/1"}],"replies":[{"embeddable":true,"href":"http:\/\/www.youthemploymentdecade.org\/es\/wp-json\/wp\/v2\/comments?post=52"}],"version-history":[{"count":48,"href":"http:\/\/www.youthemploymentdecade.org\/es\/wp-json\/wp\/v2\/pages\/52\/revisions"}],"predecessor-version":[{"id":3575,"href":"http:\/\/www.youthemploymentdecade.org\/es\/wp-json\/wp\/v2\/pages\/52\/revisions\/3575"}],"wp:attachment":[{"href":"http:\/\/www.youthemploymentdecade.org\/es\/wp-json\/wp\/v2\/media?parent=52"}],"curies":[{"name":"wp","href":"https:\/\/api.w.org\/{rel}","templated":true}]}}